{"id":80,"date":"2025-05-11T12:55:56","date_gmt":"2025-05-11T12:55:56","guid":{"rendered":"https:\/\/klarlernen2.de\/?page_id=80"},"modified":"2026-04-15T10:07:04","modified_gmt":"2026-04-15T10:07:04","slug":"ankommen","status":"publish","type":"page","link":"https:\/\/klarlernen2.de\/","title":{"rendered":"Ankommen"},"content":{"rendered":"<h1>Weil jeder Weg besonders ist!<\/h1>\n<p style=\"margin: 0in; font-family: 'Arial Narrow'; font-size: 12.0pt;\"><strong>Raum f\u00fcr Entwicklung, Lernen und neue Perspektiven!<\/strong><\/p>\n<p>\t\t\t\t\t<a href=\"#wege_zum_lernen\"><br \/>\n\t\t\t\t\t\t\t\t\tWege zum Lernen<br \/>\n\t\t\t\t\t<\/a><\/p>\n<figure>\n\t\t\t\t\t\t\t\t\t\t<img loading=\"lazy\" decoding=\"async\" width=\"800\" height=\"800\" src=\"https:\/\/klarlernen2.de\/wp-content\/uploads\/2025\/05\/ChatGPT-Image-4.-Mai-2025-15_19_53.png\" alt=\"\" srcset=\"https:\/\/klarlernen2.de\/wp-content\/uploads\/2025\/05\/ChatGPT-Image-4.-Mai-2025-15_19_53.png 1024w, https:\/\/klarlernen2.de\/wp-content\/uploads\/2025\/05\/ChatGPT-Image-4.-Mai-2025-15_19_53-300x300.png 300w, https:\/\/klarlernen2.de\/wp-content\/uploads\/2025\/05\/ChatGPT-Image-4.-Mai-2025-15_19_53-150x150.png 150w, https:\/\/klarlernen2.de\/wp-content\/uploads\/2025\/05\/ChatGPT-Image-4.-Mai-2025-15_19_53-768x768.png 768w\" sizes=\"auto, (max-width: 800px) 100vw, 800px\" \/><figcaption>Quelle: Erstellt mit ChatGPT<\/figcaption><\/figure>\n<h2><a href=\"#wege_zum_lernen\">Wege zum Lernen<\/a><\/h2>\n<h5>Lerntherapie<\/h5>\n<h5>Beratung rund ums Lernen<\/h5>\n<h5>systemische Beratung<\/h5>\n<h5>Workshops<\/h5>\n<h5>Vortr\u00e4ge<\/h5>\n<h5>Angebote f\u00fcr Eltern, Lehrkr\u00e4fte und Fachkr\u00e4fte<\/h5>\n<h4><a href=\"#verbindung_aufnehmen\">Kontaktieren Sie uns gerne wenn Sie Interesse an n\u00e4heren Informationen haben.<\/a><\/h4>\n<p>In unserer Praxisgemeinschaft bieten wir integrative Lerntherapie, individuelle Beratung rund ums Thema Lernen sowie systemische Beratung an \u2013 f\u00fcr Kinder, Jugendliche und Erwachsene. Erg\u00e4nzend dazu entwickeln wir regelm\u00e4\u00dfig Workshops, Vortr\u00e4ge und weitere Formate f\u00fcr Eltern, Lehrkr\u00e4fte und Fachkr\u00e4fte, die sich Impulse f\u00fcr gelingendes Lernen und l\u00f6sungsorientiertes Handeln w\u00fcnschen. Unsere Angebote k\u00f6nnen individuell gebucht werden \u2013 sprechen Sie uns gerne an!<\/p>\n<p><!-- Pop-up Button --><br \/>\n<button onclick=\"supersaas_829040.show()\" style=\"padding:9px 27px; font-size:18px; font-family:Arial,sans-serif; font-weight:bold; color:#ffffff; background-color:#0582FA; border-radius:9px; border:solid 1px #0582FA\">Veranstaltungskalender Klar! Lernen\u00b2<\/button>\t\t\t\t<\/p>\n<h2><a href=\"#menschen_haltung\">Menschen &amp; Haltung<\/a><\/h2>\n<h4>Unsere Haltung \u2013 wertsch\u00e4tzend, systemisch, l\u00f6sungsorientiert<\/h4>\n<p data-start=\"67\" data-end=\"382\">In unserer Praxisgemeinschaft begleiten wir Kinder, Jugendliche und Erwachsene mit einem ganzheitlichen, ressourcenorientierten Blick. Ob im Rahmen einer integrativen Lerntherapie oder einer systemischen Beratung \u2013 im Mittelpunkt steht immer der Mensch mit seinen individuellen Erfahrungen, Bed\u00fcrfnissen und Zielen.<\/p>\n<p data-start=\"384\" data-end=\"658\">Unsere Arbeit ist gepr\u00e4gt von Wertsch\u00e4tzung, Klarheit und der \u00dcberzeugung, dass jeder Mensch Entwicklungsm\u00f6glichkeiten in sich tr\u00e4gt. Wir arbeiten systemisch und l\u00f6sungsorientiert: Wir schauen gemeinsam auf das, was bereits da ist, was tr\u00e4gt \u2013 und was sich ver\u00e4ndern darf.<\/p>\n<p data-start=\"660\" data-end=\"908\">In einem sicheren, unterst\u00fctzenden Rahmen entstehen neue Perspektiven, Selbstwirksamkeit wird gest\u00e4rkt und n\u00e4chste Schritte werden m\u00f6glich. Dabei beziehen wir auf Wunsch auch das soziale Umfeld mit ein \u2013 denn Ver\u00e4nderung gelingt oft im Miteinander.<\/p>\n<p>\t\t\t\t\t\t\t\t\t\t\t\t\t\t\t<img loading=\"lazy\" decoding=\"async\" width=\"800\" height=\"800\" src=\"https:\/\/klarlernen2.de\/wp-content\/uploads\/2025\/05\/bild-steffi-1024x1024.jpg\" alt=\"\" srcset=\"https:\/\/klarlernen2.de\/wp-content\/uploads\/2025\/05\/bild-steffi-1024x1024.jpg 1024w, https:\/\/klarlernen2.de\/wp-content\/uploads\/2025\/05\/bild-steffi-300x300.jpg 300w, https:\/\/klarlernen2.de\/wp-content\/uploads\/2025\/05\/bild-steffi-150x150.jpg 150w, https:\/\/klarlernen2.de\/wp-content\/uploads\/2025\/05\/bild-steffi-768x768.jpg 768w, https:\/\/klarlernen2.de\/wp-content\/uploads\/2025\/05\/bild-steffi-1536x1536.jpg 1536w, https:\/\/klarlernen2.de\/wp-content\/uploads\/2025\/05\/bild-steffi.jpg 1600w\" sizes=\"auto, (max-width: 800px) 100vw, 800px\" \/>\t\t\t\t\t\t\t\t\t\t\t\t\t\t\t<\/p>\n<h4>Stefanie Kalus-Winter<\/h4>\n<h6>Lernbegleitung<\/h6>\n<h6>Ausbildung und Qualifikationen<\/h6>\n<ul>\n<li>Lerntherapeutin (dreij\u00e4hrige Weiterbildung Integrative Lerntherapie bei <a href=\"https:\/\/www.kreiselhh.de\/\" target=\"_blank\" rel=\"noopener\">Kreisel e.V.<\/a>, Hamburg)<\/li>\n<li>Dyslexietherapeutin nach <a href=\"https:\/\/www.bvl-legasthenie.de\/\" target=\"_blank\" rel=\"noopener\">BVL<\/a>\u00ae<\/li>\n<li>Dyskalkulietherapeutin nach <a href=\"https:\/\/www.bvl-legasthenie.de\/\">BVL<\/a><\/li>\n<li>Integrative Lerntherapeutin <a href=\"https:\/\/www.lerntherapie-fil.de\/\" target=\"_blank\" rel=\"noopener\">FiL<\/a><\/li>\n<li>Studium der Sonderp\u00e4dagogik, F\u00f6rderschwerpunkte Lernen und Sprache<\/li>\n<li>B.A. Erziehungs- und Bildungswissenschaft<\/li>\n<li>F\u00f6rderlehrerin am F\u00f6rderzentrum Quickborn (F\u00f6rderschwerpunkt Lernen)<\/li>\n<\/ul>\n<h6>Referentin (u.a.)<\/h6>\n<ul>\n<li>Zertifikatskurs f\u00fcr schulische Assistent:innen (Institut f\u00fcr Qualit\u00e4tssicherung in Schleswig-Holstein\/IQSH)<\/li>\n<li>verschiedene Themen rund um Schule und Lernen<\/li>\n<\/ul>\n<h6>Abrechnungsm\u00f6glichkeiten<\/h6>\n<ul>\n<li>Wirtschaftliche Jugendhilfe des Kreises Pinneberg (Jugendamt)<\/li>\n<li>Leistungsanbieter Bildung und Teilhabe, Kreis Pinneberg<\/li>\n<\/ul>\n<p>\t\t\t\t\t\t\t\t\t\t\t\t\t\t\t<img loading=\"lazy\" decoding=\"async\" width=\"800\" height=\"348\" src=\"https:\/\/klarlernen2.de\/wp-content\/uploads\/2025\/05\/Logo_Lerntherapie_web-steffi-1024x446.png\" alt=\"\" srcset=\"https:\/\/klarlernen2.de\/wp-content\/uploads\/2025\/05\/Logo_Lerntherapie_web-steffi-1024x446.png 1024w, https:\/\/klarlernen2.de\/wp-content\/uploads\/2025\/05\/Logo_Lerntherapie_web-steffi-300x131.png 300w, https:\/\/klarlernen2.de\/wp-content\/uploads\/2025\/05\/Logo_Lerntherapie_web-steffi-768x335.png 768w, https:\/\/klarlernen2.de\/wp-content\/uploads\/2025\/05\/Logo_Lerntherapie_web-steffi.png 1500w\" sizes=\"auto, (max-width: 800px) 100vw, 800px\" \/><br \/>\n\t\t\t\t\t<a href=\"https:\/\/www.lernbegleitung-kalus-winter.de\/\"><br \/>\n\t\t\t\t\t\t\t\t\tHier geht&#8217;s lang<br \/>\n\t\t\t\t\t<\/a><\/p>\n<figure>\n\t\t\t\t\t\t\t\t\t\t<img loading=\"lazy\" decoding=\"async\" width=\"800\" height=\"534\" src=\"https:\/\/klarlernen2.de\/wp-content\/uploads\/2025\/05\/DSC_2589-1024x684.jpg\" alt=\"\" srcset=\"https:\/\/klarlernen2.de\/wp-content\/uploads\/2025\/05\/DSC_2589-1024x684.jpg 1024w, https:\/\/klarlernen2.de\/wp-content\/uploads\/2025\/05\/DSC_2589-300x200.jpg 300w, https:\/\/klarlernen2.de\/wp-content\/uploads\/2025\/05\/DSC_2589-768x513.jpg 768w, https:\/\/klarlernen2.de\/wp-content\/uploads\/2025\/05\/DSC_2589-1536x1025.jpg 1536w, https:\/\/klarlernen2.de\/wp-content\/uploads\/2025\/05\/DSC_2589-2048x1367.jpg 2048w\" sizes=\"auto, (max-width: 800px) 100vw, 800px\" \/><figcaption><\/figcaption><\/figure>\n<h4>Mira Tito-Pohl<\/h4>\n<h6>Farvpricken<\/h6>\n<h6>Ausbildung und Qualifikationen<\/h6>\n<ul>\n<li>Lerntherapeutin (dreij\u00e4hrige Weiterbildung Integrative Lerntherapie bei <a href=\"https:\/\/www.kreiselhh.de\/\" target=\"_blank\" rel=\"noopener\">Kreisel e.V.<\/a>, Hamburg)<\/li>\n<li>Dyslexietherapeutin nach <a href=\"https:\/\/www.bvl-legasthenie.de\/\">BVL<\/a>\u00ae<\/li>\n<li>Dyskalkulietherapeutin nach <a href=\"https:\/\/www.bvl-legasthenie.de\/\" data-wplink-edit=\"true\">BVL<\/a><\/li>\n<li>Systemische Beraterin (DGSF)<\/li>\n<li>Referentin<\/li>\n<li>Studium B.A. Heilp\u00e4dagogik (seit Mai 2023)<\/li>\n<li>Erfahrung in Durchf\u00fchrung der SPRINT-Ma\u00dfnahme<\/li>\n<li> mehrj\u00e4hrige T\u00e4tigkeit als Tagesmutter<\/li>\n<li>staatlich gepr\u00fcfte kaufm\u00e4nnische Assistentin f\u00fcr fremdsprachliche Korrespondenz<\/li>\n<\/ul>\n<h6>Referentin (u.a.)<\/h6>\n<ul>\n<li>Zertifikatskurs f\u00fcr schulische Assistent:innen (Institut f\u00fcr Qualit\u00e4tssicherung in Schleswig-Holstein\/IQSH)<\/li>\n<li>verschiedene Themen rund um Schule und Lernen<\/li>\n<\/ul>\n<h6>Abrechnungsm\u00f6glichkeiten<\/h6>\n<ul>\n<li><a href=\"https:\/\/www.hamburg.de\/aul\/\"> Zugelassen f\u00fcr au\u00dferunterrichtliche Lernhilfe (AUL) der Stadt Hamburg <\/a><\/li>\n<li>Leistungsanbieter Bildung und Teilhabe, Kreis Pinneberg (auf Anfrage)<\/li>\n<\/ul>\n<p>\t\t\t\t\t\t\t\t\t\t\t\t\t\t\t<img loading=\"lazy\" decoding=\"async\" width=\"768\" height=\"540\" src=\"https:\/\/klarlernen2.de\/wp-content\/uploads\/2025\/05\/farvpricken-finallogo-768x540.png\" alt=\"\" srcset=\"https:\/\/klarlernen2.de\/wp-content\/uploads\/2025\/05\/farvpricken-finallogo-768x540.png 768w, https:\/\/klarlernen2.de\/wp-content\/uploads\/2025\/05\/farvpricken-finallogo-300x211.png 300w, https:\/\/klarlernen2.de\/wp-content\/uploads\/2025\/05\/farvpricken-finallogo.png 831w\" sizes=\"auto, (max-width: 768px) 100vw, 768px\" \/><br \/>\n\t\t\t\t\t<a href=\"https:\/\/www.farvpricken.de\/\"><br \/>\n\t\t\t\t\t\t\t\t\tHier geht&#8217;s lang<br \/>\n\t\t\t\t\t<\/a><\/p>\n<h2>Aktuelle Veranstaltungen &amp; Termine<\/h2>\n<p>Hier finden Sie unsere aktuellen Workshops, Gruppenangebote und Informationsveranstaltungen rund um Lernthemen und Beratung. Entdecken Sie passende Termine und melden Sie sich direkt an \u2013 wir freuen uns auf Sie.<\/p>\n<p><!-- Pop-up Button --><br \/>\n<button onclick=\"supersaas_829040.show()\" style=\"padding:9px 27px; font-size:18px; font-family:Arial,sans-serif; font-weight:bold; color:#ffffff; background-color:#0582FA; border-radius:9px; border:solid 1px #0582FA\">Jetzt buchen<\/button>\t\t\t\t<\/p>\n<h2><a href=\"#verbindung_aufnehmen\">Kontakt<\/a><\/h2>\n<p><a href=\"mailto:kontakt@klarlernen2.de\">kontakt@klarlernen2.de<\/a><\/p>\n<p>Klar! Lernen\u00b2<br \/>Friedenstra\u00dfe 100<br \/>25421 Pinneberg<\/p>\n<style>\n.map-placeholder {\n  width: 100%;\n  max-width: 600px;\n  height: 350px;\n  background-color: #e0e0e0;\n  background-image: url('https:\/\/maps.gstatic.com\/tactile\/pane\/default_geocode-2x.png');\n  background-size: cover;\n  background-position: center;\n  border: 1px solid #ccc;\n  border-radius: 12px;\n  position: relative;\n  text-align: center;\n  overflow: hidden;\n  box-shadow: 0 4px 12px rgba(0, 0, 0, 0.1);\n  margin: 0 auto;\n}\n.map-placeholder a {\n  display: flex;\n  align-items: center;\n  justify-content: center;\n  color: white;\n  background-color: rgba(0, 0, 0, 0.6);\n  text-decoration: none;\n  font-weight: bold;\n  font-size: 1.2rem;\n  width: 100%;\n  height: 100%;\n  position: absolute;\n  top: 0;\n  left: 0;\n  transition: background-color 0.3s ease;\n}\n.map-placeholder a:hover {\n  background-color: rgba(0, 0, 0, 0.8);\n}\n<\/style>\n<p>  <a href=\"https:\/\/maps.app.goo.gl\/tHCNMURHpBPNryqLA\" target=\"_blank\" rel=\"noopener noreferrer\"><br \/>\n    Karte auf Google Maps anzeigen<br \/>\n  <\/a><\/p>\n<p>Klar! Lernen\u00b2 &#8211; Praxisgemeinschaft f\u00fcr Lerntherapie und Beratung<\/p>\n<p>Mira Tito-Pohl &amp; Stefanie Kalus-Winter<\/p>\n<p>Friedenstra\u00dfe 100<br \/>25421 Pinneberg<\/p>\n<p>kontakt@klarlernen2.de<br \/>www.klarlernen2.de<\/p>\n","protected":false},"excerpt":{"rendered":"<p>Weil jeder Weg besonders ist! Raum f\u00fcr Entwicklung, Lernen und neue Perspektiven! Wege zum Lernen Quelle: Erstellt mit ChatGPT Wege zum Lernen Lerntherapie Beratung rund ums Lernen systemische Beratung Workshops Vortr\u00e4ge Angebote f\u00fcr Eltern, Lehrkr\u00e4fte und Fachkr\u00e4fte Kontaktieren Sie uns gerne wenn Sie Interesse an n\u00e4heren Informationen haben. In unserer Praxisgemeinschaft bieten wir integrative Lerntherapie, [&hellip;]<\/p>\n","protected":false},"author":1,"featured_media":0,"parent":0,"menu_order":0,"comment_status":"closed","ping_status":"closed","template":"","meta":{"footnotes":""},"class_list":["post-80","page","type-page","status-publish","hentry"],"_links":{"self":[{"href":"https:\/\/klarlernen2.de\/index.php?rest_route=\/wp\/v2\/pages\/80","targetHints":{"allow":["GET"]}}],"collection":[{"href":"https:\/\/klarlernen2.de\/index.php?rest_route=\/wp\/v2\/pages"}],"about":[{"href":"https:\/\/klarlernen2.de\/index.php?rest_route=\/wp\/v2\/types\/page"}],"author":[{"embeddable":true,"href":"https:\/\/klarlernen2.de\/index.php?rest_route=\/wp\/v2\/users\/1"}],"replies":[{"embeddable":true,"href":"https:\/\/klarlernen2.de\/index.php?rest_route=%2Fwp%2Fv2%2Fcomments&post=80"}],"version-history":[{"count":250,"href":"https:\/\/klarlernen2.de\/index.php?rest_route=\/wp\/v2\/pages\/80\/revisions"}],"predecessor-version":[{"id":464,"href":"https:\/\/klarlernen2.de\/index.php?rest_route=\/wp\/v2\/pages\/80\/revisions\/464"}],"wp:attachment":[{"href":"https:\/\/klarlernen2.de\/index.php?rest_route=%2Fwp%2Fv2%2Fmedia&parent=80"}],"curies":[{"name":"wp","href":"https:\/\/api.w.org\/{rel}","templated":true}]}}