{"id":390,"date":"2025-10-01T13:07:58","date_gmt":"2025-10-01T13:07:58","guid":{"rendered":"https:\/\/klarlernen2.de\/?page_id=390"},"modified":"2025-10-18T11:49:12","modified_gmt":"2025-10-18T11:49:12","slug":"neuigkeiten","status":"publish","type":"page","link":"https:\/\/klarlernen2.de\/?page_id=390","title":{"rendered":"Neuigkeiten aus der Praxis"},"content":{"rendered":"<p>Auf dieser Seite informieren wir Sie \u00fcber aktuelle Entwicklungen, neue Angebote und besondere Veranstaltungen rund um unsere lerntherapeutische Arbeit. Zudem geben wir Einblicke in Themen, die uns bewegen, und teilen Impulse, die unsere Haltung und unser Tun begleiten.<\/p>\n<p>Wir freuen uns, wenn Sie regelm\u00e4\u00dfig vorbeischauen.<\/p>\n<h2>Individuell lernen, gemeinsam wachsen \u2013 Lerntherapie als Teil einer inklusiven Bildungslandschaft<\/h2>\n<figure>\n\t\t\t\t\t\t\t\t\t\t<img loading=\"lazy\" decoding=\"async\" width=\"800\" height=\"568\" src=\"https:\/\/klarlernen2.de\/wp-content\/uploads\/2025\/10\/Pinneberger-Tageblatt-28092025-2-1024x727.jpg\" alt=\"\" srcset=\"https:\/\/klarlernen2.de\/wp-content\/uploads\/2025\/10\/Pinneberger-Tageblatt-28092025-2-1024x727.jpg 1024w, https:\/\/klarlernen2.de\/wp-content\/uploads\/2025\/10\/Pinneberger-Tageblatt-28092025-2-300x213.jpg 300w, https:\/\/klarlernen2.de\/wp-content\/uploads\/2025\/10\/Pinneberger-Tageblatt-28092025-2-768x546.jpg 768w, https:\/\/klarlernen2.de\/wp-content\/uploads\/2025\/10\/Pinneberger-Tageblatt-28092025-2-1536x1091.jpg 1536w, https:\/\/klarlernen2.de\/wp-content\/uploads\/2025\/10\/Pinneberger-Tageblatt-28092025-2-2048x1455.jpg 2048w\" sizes=\"auto, (max-width: 800px) 100vw, 800px\" \/><figcaption>P\u00fcnktlich und sehr passend zum &#8218;Tag der Legasthenie und Dykalkulie&#8216; des Bundesverband f\u00fcr Legasthenie und Dyskalkulie (BVL) am 30.09.2025 erschien dieser Artikel in der Sonntagszeitung tip, Pinneberg.<\/figcaption><\/figure>\n<figure>\n\t\t\t\t\t\t\t\t\t\t<img loading=\"lazy\" decoding=\"async\" width=\"800\" height=\"1000\" src=\"https:\/\/klarlernen2.de\/wp-content\/uploads\/2025\/10\/Insta_10_25-819x1024.png\" alt=\"\" srcset=\"https:\/\/klarlernen2.de\/wp-content\/uploads\/2025\/10\/Insta_10_25-819x1024.png 819w, https:\/\/klarlernen2.de\/wp-content\/uploads\/2025\/10\/Insta_10_25-240x300.png 240w, https:\/\/klarlernen2.de\/wp-content\/uploads\/2025\/10\/Insta_10_25-768x960.png 768w, https:\/\/klarlernen2.de\/wp-content\/uploads\/2025\/10\/Insta_10_25.png 1080w\" sizes=\"auto, (max-width: 800px) 100vw, 800px\" \/><figcaption>Der Aktionstag Legasthenie und Dyskalkulie 2025 des BVL wurde bei Klar! Lernen\u00b2 kr\u00e4ftig von Kindern und Eltern unterst\u00fctzt. Mutmach-S\u00e4tze, Gedanken und W\u00fcnsche wurden verfasst und an einer Wand zur Aktion gesammelt.<\/figcaption><\/figure>\n","protected":false},"excerpt":{"rendered":"<p>Auf dieser Seite informieren wir Sie \u00fcber aktuelle Entwicklungen, neue Angebote und besondere Veranstaltungen rund um unsere lerntherapeutische Arbeit. Zudem geben wir Einblicke in Themen, die uns bewegen, und teilen Impulse, die unsere Haltung und unser Tun begleiten. Wir freuen uns, wenn Sie regelm\u00e4\u00dfig vorbeischauen. Individuell lernen, gemeinsam wachsen \u2013 Lerntherapie als Teil einer inklusiven [&hellip;]<\/p>\n","protected":false},"author":1,"featured_media":0,"parent":80,"menu_order":0,"comment_status":"closed","ping_status":"closed","template":"","meta":{"footnotes":""},"class_list":["post-390","page","type-page","status-publish","hentry"],"_links":{"self":[{"href":"https:\/\/klarlernen2.de\/index.php?rest_route=\/wp\/v2\/pages\/390","targetHints":{"allow":["GET"]}}],"collection":[{"href":"https:\/\/klarlernen2.de\/index.php?rest_route=\/wp\/v2\/pages"}],"about":[{"href":"https:\/\/klarlernen2.de\/index.php?rest_route=\/wp\/v2\/types\/page"}],"author":[{"embeddable":true,"href":"https:\/\/klarlernen2.de\/index.php?rest_route=\/wp\/v2\/users\/1"}],"replies":[{"embeddable":true,"href":"https:\/\/klarlernen2.de\/index.php?rest_route=%2Fwp%2Fv2%2Fcomments&post=390"}],"version-history":[{"count":28,"href":"https:\/\/klarlernen2.de\/index.php?rest_route=\/wp\/v2\/pages\/390\/revisions"}],"predecessor-version":[{"id":424,"href":"https:\/\/klarlernen2.de\/index.php?rest_route=\/wp\/v2\/pages\/390\/revisions\/424"}],"up":[{"embeddable":true,"href":"https:\/\/klarlernen2.de\/index.php?rest_route=\/wp\/v2\/pages\/80"}],"wp:attachment":[{"href":"https:\/\/klarlernen2.de\/index.php?rest_route=%2Fwp%2Fv2%2Fmedia&parent=390"}],"curies":[{"name":"wp","href":"https:\/\/api.w.org\/{rel}","templated":true}]}}